{"id":741,"date":"2021-09-25T20:58:25","date_gmt":"2021-09-25T17:58:25","guid":{"rendered":"https:\/\/www.gimaraworld.com\/?post_type=product&#038;p=741"},"modified":"2026-04-18T01:31:07","modified_gmt":"2026-04-17T22:31:07","slug":"ykaanko-vai-ykiinko-high-way-to-hill","status":"publish","type":"product","link":"https:\/\/www.gimaraworld.com\/fi\/tuote\/ykaanko-vai-ykiinko-high-way-to-hill\/","title":{"rendered":"Yk\u00e4\u00e4nk\u00f6 vai ykiink\u00f6 &#8211; high way to hill"},"content":{"rendered":"<p>Preparing for the test is a language and technique.<\/p>\n<p>Yk\u00e4\u00e4nk\u00f6 vai ykiink\u00f6 &#8211; highway to hill -book is your guide on your way to the language test. The book includes exercises for speaking and writing. You will get to know different task types in a practical and fun way.<\/p>\n<p><a href=\"https:\/\/youtu.be\/Ej1KoNV7Fvo\" target=\"_blank\" rel=\"noopener\">Introduction video<\/a> in Finnish and English<\/p>\n<p>Binding soft cover<br \/>\nPages 128<br \/>\nYear 2024<br \/>\nISBN 978-952-94-3226-4<\/p>\n","protected":false},"excerpt":{"rendered":"<p>Preparing for the test is a language and technique.<\/p>\n<p>Yk\u00e4\u00e4nk\u00f6 vai ykiink\u00f6 &#8211; highway to hill -book is your guide on your way to the language test. The book includes exercises for speaking and writing. You will get to know different task types in a practical and fun way.<\/p>\n<p><a href=\"https:\/\/youtu.be\/Ej1KoNV7Fvo\" target=\"_blank\" rel=\"noopener\">Introduction video<\/a> in Finnish and English<\/p>\n<p>Binding soft cover<br \/>\nPages 128<br \/>\nYear 2024<br \/>\nISBN 978-952-94-3226-4<\/p>\n","protected":false},"featured_media":290,"comment_status":"open","ping_status":"closed","template":"","meta":[],"product_brand":[],"product_cat":[17],"product_tag":[28,43,29,45,30,44,42,27,46,26,23,25,24],"class_list":{"0":"post-741","1":"product","2":"type-product","3":"status-publish","4":"has-post-thumbnail","6":"product_cat-book","7":"product_tag-finnish","8":"product_tag-intermediate","9":"product_tag-keskitaso","10":"product_tag-kirjoittaminen","11":"product_tag-puhuminen","12":"product_tag-speaking","13":"product_tag-suomen-kieli","14":"product_tag-suomi","15":"product_tag-writing","16":"product_tag-ykaanko-vai-ykiiko","17":"product_tag-yki","18":"product_tag-yki-book","19":"product_tag-yki-testi","20":"product_shipping_class-book-shipping","22":"first","23":"instock","24":"featured","25":"taxable","26":"shipping-taxable","27":"purchasable","28":"product-type-simple"},"_links":{"self":[{"href":"https:\/\/www.gimaraworld.com\/fi\/wp-json\/wp\/v2\/product\/741","targetHints":{"allow":["GET"]}}],"collection":[{"href":"https:\/\/www.gimaraworld.com\/fi\/wp-json\/wp\/v2\/product"}],"about":[{"href":"https:\/\/www.gimaraworld.com\/fi\/wp-json\/wp\/v2\/types\/product"}],"replies":[{"embeddable":true,"href":"https:\/\/www.gimaraworld.com\/fi\/wp-json\/wp\/v2\/comments?post=741"}],"wp:featuredmedia":[{"embeddable":true,"href":"https:\/\/www.gimaraworld.com\/fi\/wp-json\/wp\/v2\/media\/290"}],"wp:attachment":[{"href":"https:\/\/www.gimaraworld.com\/fi\/wp-json\/wp\/v2\/media?parent=741"}],"wp:term":[{"taxonomy":"product_brand","embeddable":true,"href":"https:\/\/www.gimaraworld.com\/fi\/wp-json\/wp\/v2\/product_brand?post=741"},{"taxonomy":"product_cat","embeddable":true,"href":"https:\/\/www.gimaraworld.com\/fi\/wp-json\/wp\/v2\/product_cat?post=741"},{"taxonomy":"product_tag","embeddable":true,"href":"https:\/\/www.gimaraworld.com\/fi\/wp-json\/wp\/v2\/product_tag?post=741"}],"curies":[{"name":"wp","href":"https:\/\/api.w.org\/{rel}","templated":true}]}}