{"id":4130,"date":"2025-05-31T19:42:34","date_gmt":"2025-05-31T16:42:34","guid":{"rendered":"https:\/\/www.gimaraworld.com\/product\/suomen-kielen-seikkailukirja-gimaran-epakielioppi-e-kirja-pdf\/"},"modified":"2025-10-18T16:13:34","modified_gmt":"2025-10-18T13:13:34","slug":"suomen-kielen-seikkailukirja-gimaran-epakielioppi-e-kirja-pdf","status":"publish","type":"product","link":"https:\/\/www.gimaraworld.com\/fi\/tuote\/suomen-kielen-seikkailukirja-gimaran-epakielioppi-e-kirja-pdf\/","title":{"rendered":"Suomen kielen seikkailukirja: Gimaran ep\u00e4kielioppi (e-kirja: PDF)"},"content":{"rendered":"<p><span class=\"a-text-bold\">Suomen kielen seikkailukirja &#8211; Gimaran ep\u00e4kielioppi<br \/>\n<\/span><br \/>\nMeilt\u00e4 yh\u00e4 uudelleen ja uudelleen pyydet\u00e4\u00e4n kielioppitunteja, mutta olemme profiloituneet kielen k\u00e4ytt\u00f6\u00f6n tosiel\u00e4m\u00e4n tilanteissa ja ammattilaisina suomen kielen opettajina toki avaamme kielioppihaasteita aina tarvittaessa, mutta pelk\u00e4n teorian opettaminen on mielest\u00e4mme hidasta ja saattaa usein jopa est\u00e4\u00e4 sujuvan kielenk\u00e4yt\u00f6n oppimisen. Kielioppia ei mielest\u00e4mme kannata ottaa kauhean vakavasti ennen kuin perusfraasisto ja v\u00e4hint\u00e4\u00e4n 2500 sanan sanavarasto on hallussa ja sujuva kommunikointi puhumalla ja kirjoittamalla onnistuu. T\u00e4m\u00e4 kirja on tarkoitettu niille suomen oppijoille, jotka haluavat sitoa jo oppimansa k\u00e4yt\u00e4nn\u00f6n s\u00e4\u00e4nt\u00f6ihin ja ymm\u00e4rt\u00e4\u00e4 kielt\u00e4 syv\u00e4llisemmin. Nyt on analyysin aika, mutta niin kuin aina, Gimaran tavoin tukien arkiel\u00e4m\u00e4n kielenk\u00e4ytt\u00f6\u00e4.<br \/>\n147 sivua<\/p>\n<p><span class=\"a-text-italic\">@Copyright Gimara Oy 2025<\/span><br \/>\nTeksti ja sis\u00e4lt\u00f6: @Gimara Oy<br \/>\nLayout: Afnan Zafar<br \/>\nKuvat: @Canva (Gimara ei omista kuvia)<\/p>\n<p>ISBN 978-952-65409-4-8 (PDF)<br \/>\nISBN 978-952-65409-5-5 (EPUB)<\/p>\n","protected":false},"excerpt":{"rendered":"<p><span class=\"a-text-bold\">Suomen kielen seikkailukirja &#8211; Gimaran ep\u00e4kielioppi<br \/>\n<\/span><br \/>\nMeilt\u00e4 yh\u00e4 uudelleen ja uudelleen pyydet\u00e4\u00e4n kielioppitunteja, mutta olemme profiloituneet kielen k\u00e4ytt\u00f6\u00f6n tosiel\u00e4m\u00e4n tilanteissa ja ammattilaisina suomen kielen opettajina toki avaamme kielioppihaasteita aina tarvittaessa, mutta pelk\u00e4n teorian opettaminen on mielest\u00e4mme hidasta ja saattaa usein jopa est\u00e4\u00e4 sujuvan kielenk\u00e4yt\u00f6n oppimisen. Kielioppia ei mielest\u00e4mme kannata ottaa kauhean vakavasti ennen kuin perusfraasisto ja v\u00e4hint\u00e4\u00e4n 2500 sanan sanavarasto on hallussa ja sujuva kommunikointi puhumalla ja kirjoittamalla onnistuu. T\u00e4m\u00e4 kirja on tarkoitettu niille suomen oppijoille, jotka haluavat sitoa jo oppimansa k\u00e4yt\u00e4nn\u00f6n s\u00e4\u00e4nt\u00f6ihin ja ymm\u00e4rt\u00e4\u00e4 kielt\u00e4 syv\u00e4llisemmin. Nyt on analyysin aika, mutta niin kuin aina, Gimaran tavoin tukien arkiel\u00e4m\u00e4n kielenk\u00e4ytt\u00f6\u00e4.<br \/>\n147 sivua<\/p>\n<p><span class=\"a-text-italic\">@Copyright Gimara Oy 2025<\/span><br \/>\nTeksti ja sis\u00e4lt\u00f6: @Gimara Oy<br \/>\nLayout: Afnan Zafar<br \/>\nKuvat: @Canva (Gimara ei omista kuvia)<\/p>\n<p>ISBN 978-952-65409-4-8 (PDF)<br \/>\nISBN 978-952-65409-5-5 (EPUB)<\/p>\n","protected":false},"featured_media":4119,"comment_status":"closed","ping_status":"closed","template":"","meta":[],"product_brand":[],"product_cat":[85],"product_tag":[174,175,176,177,86,89,178,179,180,90,91,181,92,93,182,183,94],"class_list":{"0":"post-4130","1":"product","2":"type-product","3":"status-publish","4":"has-post-thumbnail","6":"product_cat-book-fi","7":"product_tag-alkeet-fi-2","8":"product_tag-aloittelija-fi","9":"product_tag-basiclevel1-fi-2","10":"product_tag-beginner-fi","11":"product_tag-finnish-fi-2","12":"product_tag-kirjoittaminen-fi-2","13":"product_tag-perustaso-fi","14":"product_tag-perustaso1-fi-2","15":"product_tag-puheen-ymmartaminen-fi-2","16":"product_tag-puhuminen-fi-2","17":"product_tag-speaking-fi-2","18":"product_tag-speech-understanding-fi-2","19":"product_tag-suomen-kieli-fi-2","20":"product_tag-suomi-fi-2","21":"product_tag-tekstin-ymmartaminen-fi","22":"product_tag-text-understanding-fi-2","23":"product_tag-writing-fi-2","25":"first","26":"instock","27":"featured","28":"downloadable","29":"virtual","30":"taxable","31":"purchasable","32":"product-type-simple"},"_links":{"self":[{"href":"https:\/\/www.gimaraworld.com\/fi\/wp-json\/wp\/v2\/product\/4130","targetHints":{"allow":["GET"]}}],"collection":[{"href":"https:\/\/www.gimaraworld.com\/fi\/wp-json\/wp\/v2\/product"}],"about":[{"href":"https:\/\/www.gimaraworld.com\/fi\/wp-json\/wp\/v2\/types\/product"}],"replies":[{"embeddable":true,"href":"https:\/\/www.gimaraworld.com\/fi\/wp-json\/wp\/v2\/comments?post=4130"}],"wp:featuredmedia":[{"embeddable":true,"href":"https:\/\/www.gimaraworld.com\/fi\/wp-json\/wp\/v2\/media\/4119"}],"wp:attachment":[{"href":"https:\/\/www.gimaraworld.com\/fi\/wp-json\/wp\/v2\/media?parent=4130"}],"wp:term":[{"taxonomy":"product_brand","embeddable":true,"href":"https:\/\/www.gimaraworld.com\/fi\/wp-json\/wp\/v2\/product_brand?post=4130"},{"taxonomy":"product_cat","embeddable":true,"href":"https:\/\/www.gimaraworld.com\/fi\/wp-json\/wp\/v2\/product_cat?post=4130"},{"taxonomy":"product_tag","embeddable":true,"href":"https:\/\/www.gimaraworld.com\/fi\/wp-json\/wp\/v2\/product_tag?post=4130"}],"curies":[{"name":"wp","href":"https:\/\/api.w.org\/{rel}","templated":true}]}}