{"id":4114,"date":"2025-05-31T19:32:54","date_gmt":"2025-05-31T16:32:54","guid":{"rendered":"https:\/\/www.gimaraworld.com\/?post_type=product&#038;p=4114"},"modified":"2025-05-31T19:38:11","modified_gmt":"2025-05-31T16:38:11","slug":"suomea-hoitajille-1-from-level-0-to-level-a1-3-softcover","status":"publish","type":"product","link":"https:\/\/www.gimaraworld.com\/fi\/tuote\/suomea-hoitajille-1-from-level-0-to-level-a1-3-softcover\/","title":{"rendered":"Suomea hoitajille 1 \u2013 tasolta 0 tasolle A1.3 (pehme\u00e4kantinen)"},"content":{"rendered":"<p><strong>Suomea hoitajille 1<\/strong><\/p>\n<p>Suomea hoitajille -kirja sopii hoitoty\u00f6h\u00f6n Suomessa suuntaaville. Se on alkeisopas kielitaitotasolta nolla taitotasolle A1.3 (EVK). Kirjan avulla opitaan peruskielitaitoa painottaen hoitoalaa. Se ei kuitenkaan ole hoitoalan opas, vaan johdattaa alkuvaiheen k\u00e4yt\u00e4nn\u00f6n kielitaitoon, jota tarvitaan aktiivisessa el\u00e4m\u00e4ss\u00e4 ja ty\u00f6ss\u00e4 Suomessa.<\/p>\n<p class=\"p1\">Tekstit:<br \/>\nMarja Ahola<br \/>\nRaisa Haikala<br \/>\nMari Kokkonen<\/p>\n<p class=\"p1\">Kirjan toimitus ja taitto:<br \/>\nMari Kokkonen<\/p>\n<p class=\"p1\">Kuvat:<br \/>\nCanva (Gimara ei omista kirjan kuvia)<br \/>\nHanna Toijala<\/p>\n<p>ISBN: 979-8882180897<\/p>\n<p class=\"p1\">Publisher:<br \/>\nGimara<br \/>\nCopyright Gimara Oy 2024<\/p>\n","protected":false},"excerpt":{"rendered":"<p><strong>Suomea hoitajille 1<\/strong><\/p>\n<p>Suomea hoitajille -kirja sopii hoitoty\u00f6h\u00f6n Suomessa suuntaaville. Se on alkeisopas kielitaitotasolta nolla taitotasolle A1.3 (EVK). Kirjan avulla opitaan peruskielitaitoa painottaen hoitoalaa. Se ei kuitenkaan ole hoitoalan opas, vaan johdattaa alkuvaiheen k\u00e4yt\u00e4nn\u00f6n kielitaitoon, jota tarvitaan aktiivisessa el\u00e4m\u00e4ss\u00e4 ja ty\u00f6ss\u00e4 Suomessa.<\/p>\n<p>Finnish for Nurses is suitable for those aiming to work in the healthcare sector in Finland. It is a beginner\u2019s guide for language learners starting from level zero and progressing to level A1.3 (CEFR). The book helps learners acquire basic Finnish language skills with a focus on healthcare. However, it is not a professional guide to healthcare \u2014 instead, it introduces the essential practical language needed in everyday life and work in Finland.<\/p>\n<p>ISBN: 979-8882180897<\/p>\n<p class=\"p1\">Texts:<br \/>\nMarja Ahola<br \/>\nRaisa Haikala<br \/>\nMari Kokkonen<\/p>\n<p class=\"p1\">Book editing and layout:<br \/>\nMari Kokkonen<\/p>\n<p class=\"p1\">Images:<br \/>\nCanva (Gimara ei omista kirjan kuvia)<br \/>\nHanna Toijala<\/p>\n<p class=\"p1\">Publisher:<br \/>\nGimara<br \/>\nCopyright Gimara Oy 2024<\/p>\n","protected":false},"featured_media":3479,"comment_status":"open","ping_status":"closed","template":"","meta":[],"product_brand":[],"product_cat":[17],"product_tag":[28,45,30,44,42,27,46],"class_list":{"0":"post-4114","1":"product","2":"type-product","3":"status-publish","4":"has-post-thumbnail","6":"product_cat-book","7":"product_tag-finnish","8":"product_tag-kirjoittaminen","9":"product_tag-puhuminen","10":"product_tag-speaking","11":"product_tag-suomen-kieli","12":"product_tag-suomi","13":"product_tag-writing","15":"first","16":"instock","17":"taxable","18":"shipping-taxable","19":"purchasable","20":"product-type-simple"},"_links":{"self":[{"href":"https:\/\/www.gimaraworld.com\/fi\/wp-json\/wp\/v2\/product\/4114","targetHints":{"allow":["GET"]}}],"collection":[{"href":"https:\/\/www.gimaraworld.com\/fi\/wp-json\/wp\/v2\/product"}],"about":[{"href":"https:\/\/www.gimaraworld.com\/fi\/wp-json\/wp\/v2\/types\/product"}],"replies":[{"embeddable":true,"href":"https:\/\/www.gimaraworld.com\/fi\/wp-json\/wp\/v2\/comments?post=4114"}],"wp:featuredmedia":[{"embeddable":true,"href":"https:\/\/www.gimaraworld.com\/fi\/wp-json\/wp\/v2\/media\/3479"}],"wp:attachment":[{"href":"https:\/\/www.gimaraworld.com\/fi\/wp-json\/wp\/v2\/media?parent=4114"}],"wp:term":[{"taxonomy":"product_brand","embeddable":true,"href":"https:\/\/www.gimaraworld.com\/fi\/wp-json\/wp\/v2\/product_brand?post=4114"},{"taxonomy":"product_cat","embeddable":true,"href":"https:\/\/www.gimaraworld.com\/fi\/wp-json\/wp\/v2\/product_cat?post=4114"},{"taxonomy":"product_tag","embeddable":true,"href":"https:\/\/www.gimaraworld.com\/fi\/wp-json\/wp\/v2\/product_tag?post=4114"}],"curies":[{"name":"wp","href":"https:\/\/api.w.org\/{rel}","templated":true}]}}