{"id":3990,"date":"2025-02-18T15:59:37","date_gmt":"2025-02-18T13:59:37","guid":{"rendered":"https:\/\/www.gimaraworld.com\/?post_type=product&#038;p=3990"},"modified":"2025-11-17T23:01:03","modified_gmt":"2025-11-17T21:01:03","slug":"kielitaidon-puhumisen-ja-puheen-ymmartamisen-alkeiden-arviointi-evk","status":"publish","type":"product","link":"https:\/\/www.gimaraworld.com\/fi\/tuote\/kielitaidon-puhumisen-ja-puheen-ymmartamisen-alkeiden-arviointi-evk\/","title":{"rendered":"KIELITAIDON PUHUMISEN JA PUHEEN YMM\u00c4RT\u00c4MISEN ALKEIDEN ARVIOINTI JA TODISTUS MIGRILLE (EVK)\u00a0"},"content":{"rendered":"<p><strong>KIELITAIDON PUHUMISEN JA PUHEEN YMM\u00c4RT\u00c4MISEN ALKEIDEN ARVIOINTI (EVK)\u00a0<\/strong><\/p>\n<p>1. <strong>Kasvokkain<\/strong> tehd\u00e4\u00e4n puhumisen ja ymm\u00e4rt\u00e4misen kartoitus sovitussa paikassa.<br \/>\n2. Vaatimukset, <strong>jos testi tehd\u00e4\u00e4n verkossa<\/strong>:<br \/>\n&#8211; testi nauhoitetaan<br \/>\n&#8211; kameran ja mikrofonin on oltava auki koko kokeen ajan<br \/>\n&#8211; kuulokkeet\/earphones, joissa on mikrofoni<br \/>\n&#8211; rauhallinen paikka<br \/>\n&#8211; riitt\u00e4v\u00e4n hyv\u00e4 WiFi<br \/>\n&#8211; Testi hyl\u00e4t\u00e4\u00e4n automaattisesti, jos havaitaan vilppi\u00e4 tai avun k\u00e4ytt\u00f6\u00e4 (kuten k\u00e4\u00e4nt\u00e4j\u00e4\u00e4).<\/p>\n","protected":false},"excerpt":{"rendered":"<p><strong>KIELITAIDON PUHUMISEN JA PUHEEN YMM\u00c4RT\u00c4MISEN ALKEIDEN ARVIOINTI (EVK)<br \/>\n<\/strong>&#8211; testi<br \/>\n&#8211; todistus<br \/>\n&#8211; mahdollinen kilometrikorvaus ja\u00a0tilavuokra<\/p>\n","protected":false},"featured_media":221,"comment_status":"open","ping_status":"closed","template":"","meta":[],"product_brand":[],"product_cat":[133,16,22],"product_tag":[],"class_list":{"0":"post-3990","1":"product","2":"type-product","3":"status-publish","4":"has-post-thumbnail","6":"product_cat-palvelut-2","7":"product_cat-yleinen","8":"product_cat-services","10":"first","11":"instock","12":"virtual","13":"taxable","14":"purchasable","15":"product-type-simple"},"_links":{"self":[{"href":"https:\/\/www.gimaraworld.com\/fi\/wp-json\/wp\/v2\/product\/3990","targetHints":{"allow":["GET"]}}],"collection":[{"href":"https:\/\/www.gimaraworld.com\/fi\/wp-json\/wp\/v2\/product"}],"about":[{"href":"https:\/\/www.gimaraworld.com\/fi\/wp-json\/wp\/v2\/types\/product"}],"replies":[{"embeddable":true,"href":"https:\/\/www.gimaraworld.com\/fi\/wp-json\/wp\/v2\/comments?post=3990"}],"wp:featuredmedia":[{"embeddable":true,"href":"https:\/\/www.gimaraworld.com\/fi\/wp-json\/wp\/v2\/media\/221"}],"wp:attachment":[{"href":"https:\/\/www.gimaraworld.com\/fi\/wp-json\/wp\/v2\/media?parent=3990"}],"wp:term":[{"taxonomy":"product_brand","embeddable":true,"href":"https:\/\/www.gimaraworld.com\/fi\/wp-json\/wp\/v2\/product_brand?post=3990"},{"taxonomy":"product_cat","embeddable":true,"href":"https:\/\/www.gimaraworld.com\/fi\/wp-json\/wp\/v2\/product_cat?post=3990"},{"taxonomy":"product_tag","embeddable":true,"href":"https:\/\/www.gimaraworld.com\/fi\/wp-json\/wp\/v2\/product_tag?post=3990"}],"curies":[{"name":"wp","href":"https:\/\/api.w.org\/{rel}","templated":true}]}}