{"id":3541,"date":"2024-06-28T12:32:36","date_gmt":"2024-06-28T09:32:36","guid":{"rendered":"https:\/\/www.gimaraworld.com\/?post_type=product&#038;p=3541"},"modified":"2025-01-09T13:39:00","modified_gmt":"2025-01-09T11:39:00","slug":"uusipolku","status":"publish","type":"product","link":"https:\/\/www.gimaraworld.com\/fi\/tuote\/uusipolku\/","title":{"rendered":"Uusi polku Opas ty\u00f6nhakuun ja ty\u00f6markkinoille Suomessa"},"content":{"rendered":"<p>T\u00e4m\u00e4 opas on suunnattu uraohjaajille ja ulkomaalaisille ty\u00f6nhakijoille. Opas puhuttelee suoraan osaajia tarjoten kattavasti k\u00e4yt\u00e4nn\u00f6n askeleet ty\u00f6nhakuun uudessa maassa ja globaaleilla ty\u00f6markkinoilla. Opas on suunniteltu siten, ett\u00e4 my\u00f6s ohjaajat voivat hy\u00f6dynt\u00e4\u00e4 opasta ja palastella tiedon asiakkailleen.<\/p>\n<p>Niille, jotka lukevat opasta ilman ohjaajaa tai mentoria, se toimii henkil\u00f6kohtaisena valmentajana. Kirja opastaa osaajia kaikissa ty\u00f6n l\u00f6yt\u00e4misen vaiheissa uudessa maassa, olipa he juuri saapuneet tai vasta suunnittelemassa muuttoa.<\/p>\n<p>Olitpa uravalmentaja, joka etsii tehokkaita ty\u00f6kaluja asiakkaidensa tukemiseksi, tai osaaja, joka navigoi kansainv\u00e4lisen ty\u00f6markkinoiden haasteissa, t\u00e4m\u00e4 kirja tarjoaa tarvittavat ty\u00f6kalut ja tiedot menestykseen.<\/p>\n","protected":false},"excerpt":{"rendered":"<p>T\u00e4m\u00e4 opas on suunnattu uraohjaajille ja ulkomaalaisille ty\u00f6nhakijoille. Opas puhuttelee suoraan osaajia tarjoten kattavasti k\u00e4yt\u00e4nn\u00f6n askeleet ty\u00f6nhakuun uudessa maassa ja globaaleilla ty\u00f6markkinoilla. Opas on suunniteltu siten, ett\u00e4 my\u00f6s ohjaajat voivat hy\u00f6dynt\u00e4\u00e4 opasta ja palastella tiedon asiakkailleen.<\/p>\n<p>Niille, jotka lukevat opasta ilman ohjaajaa tai mentoria, se toimii henkil\u00f6kohtaisena valmentajana. Kirja opastaa osaajia kaikissa ty\u00f6n l\u00f6yt\u00e4misen vaiheissa uudessa maassa, olipa he juuri saapuneet tai vasta suunnittelemassa muuttoa.<\/p>\n<p>Olitpa uravalmentaja, joka etsii tehokkaita ty\u00f6kaluja asiakkaidensa tukemiseksi, tai osaaja, joka navigoi kansainv\u00e4lisen ty\u00f6markkinoiden haasteissa, t\u00e4m\u00e4 kirja tarjoaa tarvittavat ty\u00f6kalut ja tiedot menestykseen.<\/p>\n","protected":false},"featured_media":3152,"comment_status":"open","ping_status":"closed","template":"","meta":[],"product_brand":[],"product_cat":[81,133,16,17],"product_tag":[139,140,148,149,141,147,146,144,143,145,151,150,142],"class_list":{"0":"post-3541","1":"product","2":"type-product","3":"status-publish","4":"has-post-thumbnail","6":"product_cat-function-the-trainer","7":"product_cat-palvelut-2","8":"product_cat-yleinen","9":"product_cat-book","10":"product_tag-career","11":"product_tag-counseling","12":"product_tag-employability","13":"product_tag-employing","14":"product_tag-guidebook","15":"product_tag-international","16":"product_tag-kansainvalinen","17":"product_tag-maahanmuuttaja","18":"product_tag-ohjaus","19":"product_tag-osaaja","20":"product_tag-tyollistettavyys","21":"product_tag-tyollisyys","22":"product_tag-uraohjaus","23":"product_shipping_class-book-shipping","25":"first","26":"instock","27":"taxable","28":"shipping-taxable","29":"purchasable","30":"product-type-variable"},"_links":{"self":[{"href":"https:\/\/www.gimaraworld.com\/fi\/wp-json\/wp\/v2\/product\/3541","targetHints":{"allow":["GET"]}}],"collection":[{"href":"https:\/\/www.gimaraworld.com\/fi\/wp-json\/wp\/v2\/product"}],"about":[{"href":"https:\/\/www.gimaraworld.com\/fi\/wp-json\/wp\/v2\/types\/product"}],"replies":[{"embeddable":true,"href":"https:\/\/www.gimaraworld.com\/fi\/wp-json\/wp\/v2\/comments?post=3541"}],"wp:featuredmedia":[{"embeddable":true,"href":"https:\/\/www.gimaraworld.com\/fi\/wp-json\/wp\/v2\/media\/3152"}],"wp:attachment":[{"href":"https:\/\/www.gimaraworld.com\/fi\/wp-json\/wp\/v2\/media?parent=3541"}],"wp:term":[{"taxonomy":"product_brand","embeddable":true,"href":"https:\/\/www.gimaraworld.com\/fi\/wp-json\/wp\/v2\/product_brand?post=3541"},{"taxonomy":"product_cat","embeddable":true,"href":"https:\/\/www.gimaraworld.com\/fi\/wp-json\/wp\/v2\/product_cat?post=3541"},{"taxonomy":"product_tag","embeddable":true,"href":"https:\/\/www.gimaraworld.com\/fi\/wp-json\/wp\/v2\/product_tag?post=3541"}],"curies":[{"name":"wp","href":"https:\/\/api.w.org\/{rel}","templated":true}]}}