{"id":3300,"date":"2024-02-26T14:31:04","date_gmt":"2024-02-26T12:31:04","guid":{"rendered":"https:\/\/www.gimaraworld.com\/?post_type=product&#038;p=3300"},"modified":"2025-05-31T20:13:24","modified_gmt":"2025-05-31T17:13:24","slug":"gimaran-a2-kurssi-online","status":"publish","type":"product","link":"https:\/\/www.gimaraworld.com\/fi\/tuote\/gimaran-a2-kurssi-online\/","title":{"rendered":"GIMARAN A2-B1-KURSSI (online)"},"content":{"rendered":"<p><strong>GIMARAN A2-B1-KURSSI (online)<\/strong><br \/>\n<strong>KES\u00c4INTENSIIVI: KURSSI 3: 2.6.-26.6.2025<\/strong>\u00a0<strong>(4 viikkoa \u2013 4 weeks)<\/strong><br \/>\nmaanantaisin, tiistaisin (20-21), keskiviikkoisin ja torstaisin kello 16.30-17.30 \u2013 on Mondays, Tuesdays (20-21), Wednesdays and Thursdays 4.30-5.30pm Finland time<br \/>\n+ kotiteht\u00e4v\u00e4t itsen\u00e4isesti oman aikataulun mukaan\u00a0<em>\u2013 home assignments independently according to your own schedule<\/em><br \/>\nSis\u00e4lt\u00e4\u00e4 \u2013\u00a0<em>Contain<\/em>:<br \/>\n\u2013 puhuminen (oppitunneilla) \u2013 speaking (in lessons)<br \/>\n\u2013 kirjoittaminen (1\/viikko + palaute) \u2013 writing (1\/week + feedback)<br \/>\n\u2013 tekstin ymm\u00e4rt\u00e4minen (1-2\/viikko) \u2013 text understanding tasks (1-2\/week)<br \/>\n\u2013 kuuntelu (1-2\/viikko) \u2013 speech understanding tasks (1-2\/week)<br \/>\n\u2013 ohjaus ja vinkkej\u00e4 \u2013 guidance and tips<br \/>\n\u2013 Gimaran suomi 2 -materiaali \u2013 <em>Gimara Suomi 2 tai Sisunautti\u00a0<\/em><\/p>\n<p>Ryhm\u00e4koko \u2013\u00a0<em>Group size<\/em>:<br \/>\n5-16<br \/>\nHinta\u00a0<strong>310\u20ac\u00a0<\/strong>(sis. alv) \u2013 Price 310\u20ac (incl. vat)<\/p>\n","protected":false},"excerpt":{"rendered":"<p><strong>GIMARAN A2-B1-KURSSI (online)<\/strong><br \/>\n<strong>KES\u00c4INTENSIIVI: KURSSI 3: 2.6.-26.6.2025<\/strong>\u00a0<strong>(4 viikkoa \u2013 4 weeks)<\/strong><br \/>\nmaanantaisin, tiistaisin (20-21), keskiviikkoisin ja torstaisin kello 16.30-17.30 \u2013 on Mondays, Tuesdays (20-21), Wednesdays and Thursdays 4.30-5.30pm Finland time<br \/>\n+ kotiteht\u00e4v\u00e4t itsen\u00e4isesti oman aikataulun mukaan\u00a0<em>\u2013 home assignments independently according to your own schedule<\/em><br \/>\nSis\u00e4lt\u00e4\u00e4 \u2013\u00a0<em>Contain<\/em>:<br \/>\n\u2013 puhuminen (oppitunneilla) \u2013 speaking (in lessons)<br \/>\n\u2013 kirjoittaminen (1\/viikko + palaute) \u2013 writing (1\/week + feedback)<br \/>\n\u2013 tekstin ymm\u00e4rt\u00e4minen (1-2\/viikko) \u2013 text understanding tasks (1-2\/week)<br \/>\n\u2013 kuuntelu (1-2\/viikko) \u2013 speech understanding tasks (1-2\/week)<br \/>\n\u2013 ohjaus ja vinkkej\u00e4 \u2013 guidance and tips<br \/>\n\u2013 Gimaran suomi 2 -materiaali \u2013 <em>Gimara Suomi 2 tai Sisunautti\u00a0<\/em><\/p>\n<p>Ryhm\u00e4koko \u2013\u00a0<em>Group size<\/em>:<br \/>\n5-16<br \/>\nHinta\u00a0<strong>310\u20ac\u00a0<\/strong>(sis. alv) \u2013 Price 310\u20ac (incl. vat)<\/p>\n","protected":false},"featured_media":221,"comment_status":"open","ping_status":"closed","template":"","meta":[],"product_brand":[],"product_cat":[83],"product_tag":[66,70,71,72,73],"class_list":{"0":"post-3300","1":"product","2":"type-product","3":"status-publish","4":"has-post-thumbnail","6":"product_cat-palvelut","7":"product_tag-finnish-fi","8":"product_tag-puhuminen-fi","9":"product_tag-speaking-fi","10":"product_tag-suomen-kieli-fi","11":"product_tag-suomi-fi","13":"first","14":"instock","15":"taxable","16":"shipping-taxable","17":"purchasable","18":"product-type-simple"},"_links":{"self":[{"href":"https:\/\/www.gimaraworld.com\/fi\/wp-json\/wp\/v2\/product\/3300","targetHints":{"allow":["GET"]}}],"collection":[{"href":"https:\/\/www.gimaraworld.com\/fi\/wp-json\/wp\/v2\/product"}],"about":[{"href":"https:\/\/www.gimaraworld.com\/fi\/wp-json\/wp\/v2\/types\/product"}],"replies":[{"embeddable":true,"href":"https:\/\/www.gimaraworld.com\/fi\/wp-json\/wp\/v2\/comments?post=3300"}],"wp:featuredmedia":[{"embeddable":true,"href":"https:\/\/www.gimaraworld.com\/fi\/wp-json\/wp\/v2\/media\/221"}],"wp:attachment":[{"href":"https:\/\/www.gimaraworld.com\/fi\/wp-json\/wp\/v2\/media?parent=3300"}],"wp:term":[{"taxonomy":"product_brand","embeddable":true,"href":"https:\/\/www.gimaraworld.com\/fi\/wp-json\/wp\/v2\/product_brand?post=3300"},{"taxonomy":"product_cat","embeddable":true,"href":"https:\/\/www.gimaraworld.com\/fi\/wp-json\/wp\/v2\/product_cat?post=3300"},{"taxonomy":"product_tag","embeddable":true,"href":"https:\/\/www.gimaraworld.com\/fi\/wp-json\/wp\/v2\/product_tag?post=3300"}],"curies":[{"name":"wp","href":"https:\/\/api.w.org\/{rel}","templated":true}]}}