{"id":3295,"date":"2024-02-26T14:31:04","date_gmt":"2024-02-26T12:31:01","guid":{"rendered":"https:\/\/www.gimaraworld.com\/?post_type=product&#038;p=3295"},"modified":"2026-01-03T00:52:41","modified_gmt":"2026-01-02T22:52:41","slug":"gimara-finnish-b1-b2-course-online","status":"publish","type":"product","link":"https:\/\/www.gimaraworld.com\/fi\/tuote\/gimara-finnish-b1-b2-course-online\/","title":{"rendered":"Gimaran suomen kielen B1-B2 -kurssi (online)"},"content":{"rendered":"<p><strong>GIMARAN B1-B2-KURSSI (online)<\/strong><\/p>\n<p>GIMARAN suomen kielen kurssit tasolle B1-B2<br \/>\n<strong>3.1.\u201321.2.2026 lauantaisin<\/strong>\u00a0kello 15-16.30<\/p>\n<p>+ kotiteht\u00e4v\u00e4t itsen\u00e4isesti oman aikataulun mukaan\u00a0<em>\u2013 home assignments independently according to your own schedule<\/em><\/p>\n<p>Sis\u00e4lt\u00e4\u00e4:<br \/>\n\u2013 puhuminen (oppitunneilla)<br \/>\n\u2013 kirjoittaminen (1\/viikko + palaute)<br \/>\n\u2013 tekstin ymm\u00e4rt\u00e4minen (1-2\/viikko)<br \/>\n\u2013 kuuntelu (1-2\/viikko)<br \/>\n\u2013 ohjaus ja vinkkej\u00e4<br \/>\n\u2013 Sisunautti tai Yk\u00e4\u00e4nk\u00f6 vai ykiink\u00f6 -oppikirja (l\u00e4hetet\u00e4\u00e4n kotiisi heti tilauksen j\u00e4lkeen)<\/p>\n<p>Ryhm\u00e4koko: 5-10<br \/>\nHinta\u00a0<strong>350\u20ac\u00a0<\/strong>(sis. alv) \u2013 Price 350\u20ac (incl. vat)<\/p>\n","protected":false},"excerpt":{"rendered":"<p><strong>GIMARAN B1-B2-KURSSI (online)<\/strong><\/p>\n<p>GIMARAN suomen kielen kurssit tasolle B1-B2<br \/>\n<strong>3.1.\u201321.2.2026 lauantaisin<\/strong>\u00a0kello 15-16.30<\/p>\n<p>+ kotiteht\u00e4v\u00e4t itsen\u00e4isesti oman aikataulun mukaan\u00a0<em>\u2013 home assignments independently according to your own schedule<\/em><\/p>\n<p>Sis\u00e4lt\u00e4\u00e4:<br \/>\n\u2013 puhuminen (oppitunneilla)<br \/>\n\u2013 kirjoittaminen (1\/viikko + palaute)<br \/>\n\u2013 tekstin ymm\u00e4rt\u00e4minen (1-2\/viikko)<br \/>\n\u2013 kuuntelu (1-2\/viikko)<br \/>\n\u2013 ohjaus ja vinkkej\u00e4<br \/>\n\u2013 Sisunautti tai Yk\u00e4\u00e4nk\u00f6 vai ykiink\u00f6 -oppikirja (l\u00e4hetet\u00e4\u00e4n kotiisi heti tilauksen j\u00e4lkeen)<\/p>\n<p>Ryhm\u00e4koko: 5-10<br \/>\nHinta\u00a0<strong>350\u20ac\u00a0<\/strong>(sis. alv) \u2013 Price 350\u20ac (incl. vat)<\/p>\n","protected":false},"featured_media":221,"comment_status":"closed","ping_status":"closed","template":"","meta":[],"product_brand":[],"product_cat":[133],"product_tag":[28,30,44,42,27],"class_list":{"0":"post-3295","1":"product","2":"type-product","3":"status-publish","4":"has-post-thumbnail","6":"product_cat-palvelut-2","7":"product_tag-finnish","8":"product_tag-puhuminen","9":"product_tag-speaking","10":"product_tag-suomen-kieli","11":"product_tag-suomi","13":"first","14":"onbackorder","15":"taxable","16":"shipping-taxable","17":"purchasable","18":"product-type-simple"},"_links":{"self":[{"href":"https:\/\/www.gimaraworld.com\/fi\/wp-json\/wp\/v2\/product\/3295","targetHints":{"allow":["GET"]}}],"collection":[{"href":"https:\/\/www.gimaraworld.com\/fi\/wp-json\/wp\/v2\/product"}],"about":[{"href":"https:\/\/www.gimaraworld.com\/fi\/wp-json\/wp\/v2\/types\/product"}],"replies":[{"embeddable":true,"href":"https:\/\/www.gimaraworld.com\/fi\/wp-json\/wp\/v2\/comments?post=3295"}],"wp:featuredmedia":[{"embeddable":true,"href":"https:\/\/www.gimaraworld.com\/fi\/wp-json\/wp\/v2\/media\/221"}],"wp:attachment":[{"href":"https:\/\/www.gimaraworld.com\/fi\/wp-json\/wp\/v2\/media?parent=3295"}],"wp:term":[{"taxonomy":"product_brand","embeddable":true,"href":"https:\/\/www.gimaraworld.com\/fi\/wp-json\/wp\/v2\/product_brand?post=3295"},{"taxonomy":"product_cat","embeddable":true,"href":"https:\/\/www.gimaraworld.com\/fi\/wp-json\/wp\/v2\/product_cat?post=3295"},{"taxonomy":"product_tag","embeddable":true,"href":"https:\/\/www.gimaraworld.com\/fi\/wp-json\/wp\/v2\/product_tag?post=3295"}],"curies":[{"name":"wp","href":"https:\/\/api.w.org\/{rel}","templated":true}]}}