{"id":3211,"date":"2024-02-03T12:52:32","date_gmt":"2024-02-03T10:52:32","guid":{"rendered":"https:\/\/www.gimaraworld.com\/?post_type=product&#038;p=3211"},"modified":"2025-01-09T13:39:32","modified_gmt":"2025-01-09T11:39:32","slug":"uusi-polku","status":"publish","type":"product","link":"https:\/\/www.gimaraworld.com\/fi\/tuote\/uusi-polku\/","title":{"rendered":"Uusi polku: Opas ty\u00f6nhakuun ja ty\u00f6markkinoille Suomessa"},"content":{"rendered":"<p>T\u00e4m\u00e4 opaskirja on suunnattu uravalmentajille ja ulkomailla ty\u00f6t\u00e4 etsiville osaajille. Kirja puhuttelee suoraan osaajia, tarjoten heille kattavan tietopaketin ja ohjeet ty\u00f6paikan l\u00f6yt\u00e4miseksi uudesta maasta. Se on suunniteltu niin, ett\u00e4 valmentajat voivat ensin sis\u00e4ist\u00e4\u00e4 kirjan opit, helpottaa niiden ymm\u00e4rt\u00e4mist\u00e4 ja v\u00e4litt\u00e4\u00e4 ne sitten asiakkailleen. Kirjan loppuk\u00e4ytt\u00e4j\u00e4t ovat lahjakkuuksia, jotka etsiv\u00e4t uusia mahdollisuuksia kansainv\u00e4lisill\u00e4 ty\u00f6markkinoilla.<\/p>\n<p>Osaajat, jotka lukevat t\u00e4m\u00e4n kirjan ilman valmentajan tai mentorin tukea, l\u00f6yt\u00e4v\u00e4t siit\u00e4 arvokkaan oppaan. Kirja toimii henkil\u00f6kohtaisena valmentajana, joka ohjaa heit\u00e4 askel askeleelta ty\u00f6paikan l\u00f6yt\u00e4misess\u00e4 uudessa maassa, joko vasta saavuttuasi tai suunnitellessasi muuttoa.<\/p>\n<p>Olitpa sitten uravalmentaja, joka etsii tehokkaita v\u00e4lineit\u00e4 asiakkaidesi tukemiseen, tai osaaja, joka navigoi kansainv\u00e4lisen ty\u00f6nhaun haasteissa, t\u00e4m\u00e4 kirja tarjoaa sinulle tarvittavat ty\u00f6kalut ja tiedon menesty\u00e4ksesi.<\/p>\n","protected":false},"excerpt":{"rendered":"<p>T\u00e4m\u00e4 opaskirja on suunnattu uravalmentajille ja ulkomailla ty\u00f6t\u00e4 etsiville osaajille. Kirja puhuttelee suoraan osaajia, tarjoten heille kattavan tietopaketin ja ohjeet ty\u00f6paikan l\u00f6yt\u00e4miseksi uudesta maasta. Se on suunniteltu niin, ett\u00e4 valmentajat voivat ensin sis\u00e4ist\u00e4\u00e4 kirjan opit, helpottaa niiden ymm\u00e4rt\u00e4mist\u00e4 ja v\u00e4litt\u00e4\u00e4 ne sitten asiakkailleen. Kirjan loppuk\u00e4ytt\u00e4j\u00e4t ovat lahjakkuuksia, jotka etsiv\u00e4t uusia mahdollisuuksia kansainv\u00e4lisill\u00e4 ty\u00f6markkinoilla.<\/p>\n<p>Osaajat, jotka lukevat t\u00e4m\u00e4n kirjan ilman valmentajan tai mentorin tukea, l\u00f6yt\u00e4v\u00e4t siit\u00e4 arvokkaan oppaan. Kirja toimii henkil\u00f6kohtaisena valmentajana, joka ohjaa heit\u00e4 askel askeleelta ty\u00f6paikan l\u00f6yt\u00e4misess\u00e4 uudessa maassa, joko vasta saavuttuasi tai suunnitellessasi muuttoa.<\/p>\n<p>Olitpa sitten uravalmentaja, joka etsii tehokkaita v\u00e4lineit\u00e4 asiakkaidesi tukemiseen, tai osaaja, joka navigoi kansainv\u00e4lisen ty\u00f6nhaun haasteissa, t\u00e4m\u00e4 kirja tarjoaa sinulle tarvittavat ty\u00f6kalut ja tiedon menesty\u00e4ksesi.<\/p>\n<p class=\"p1\">Copyright \u00a9 2024 Afnan Zafar<br \/>\nKaikki oikeudet pid\u00e4tet\u00e4\u00e4n.<br \/>\nISBN: 978-952-65409-2-4 (pehme\u00e4kantinen)<br \/>\nISBN: 978-952-65409-3-1 (PDF)<br \/>\nKustantaja ja copyright \u00a9 2024 Gimara Oy<br \/>\nSuomi<br \/>\nPainopaikka: Turku, Suomi<\/p>\n","protected":false},"featured_media":3152,"comment_status":"open","ping_status":"closed","template":"","meta":[],"product_brand":[],"product_cat":[85,84],"product_tag":[],"class_list":{"0":"post-3211","1":"product","2":"type-product","3":"status-publish","4":"has-post-thumbnail","6":"product_cat-book-fi","7":"product_cat-yleinen-fi","8":"product_shipping_class-book-shipping-breaking-barriers-fi","10":"first","11":"instock","12":"taxable","13":"shipping-taxable","14":"purchasable","15":"product-type-variable"},"_links":{"self":[{"href":"https:\/\/www.gimaraworld.com\/fi\/wp-json\/wp\/v2\/product\/3211","targetHints":{"allow":["GET"]}}],"collection":[{"href":"https:\/\/www.gimaraworld.com\/fi\/wp-json\/wp\/v2\/product"}],"about":[{"href":"https:\/\/www.gimaraworld.com\/fi\/wp-json\/wp\/v2\/types\/product"}],"replies":[{"embeddable":true,"href":"https:\/\/www.gimaraworld.com\/fi\/wp-json\/wp\/v2\/comments?post=3211"}],"wp:featuredmedia":[{"embeddable":true,"href":"https:\/\/www.gimaraworld.com\/fi\/wp-json\/wp\/v2\/media\/3152"}],"wp:attachment":[{"href":"https:\/\/www.gimaraworld.com\/fi\/wp-json\/wp\/v2\/media?parent=3211"}],"wp:term":[{"taxonomy":"product_brand","embeddable":true,"href":"https:\/\/www.gimaraworld.com\/fi\/wp-json\/wp\/v2\/product_brand?post=3211"},{"taxonomy":"product_cat","embeddable":true,"href":"https:\/\/www.gimaraworld.com\/fi\/wp-json\/wp\/v2\/product_cat?post=3211"},{"taxonomy":"product_tag","embeddable":true,"href":"https:\/\/www.gimaraworld.com\/fi\/wp-json\/wp\/v2\/product_tag?post=3211"}],"curies":[{"name":"wp","href":"https:\/\/api.w.org\/{rel}","templated":true}]}}