{"id":3104,"date":"2022-04-20T21:16:08","date_gmt":"2022-04-20T18:16:08","guid":{"rendered":"https:\/\/www.gimaraworld.com\/product\/gimara-finnish-beginner1\/"},"modified":"2026-03-02T15:45:49","modified_gmt":"2026-03-02T13:45:49","slug":"gimara-finnish-b2c","status":"publish","type":"product","link":"https:\/\/www.gimaraworld.com\/fi\/tuote\/gimara-finnish-b2c\/","title":{"rendered":"GIMARAN B2-C-tason tapaamiset (online)"},"content":{"rendered":"<p><strong>GIMARAN B2-C-tason tapaamiset (online)<\/strong><br \/>\n<strong>maanantaisin kello 19\u201320 (toinen ryhm\u00e4 20\u201321<\/strong>, jos on yli nelj\u00e4 osallistujaa)<br \/>\n<strong>2.3.\u201325.5.2026<\/strong><br \/>\n<strong>Sis\u00e4lt\u00e4\u00e4:<\/strong><br \/>\n&#8211; puhuminen, eri tekstilajit (oppitunneilla)<br \/>\n&#8211; luetun ymm\u00e4rt\u00e4minen \/ tekstinanalyysi eri tekstilajeista<br \/>\n&#8211; puheen ymm\u00e4rt\u00e4misen teht\u00e4v\u00e4 (eri tekstilajit)<br \/>\n&#8211; rektioteht\u00e4v\u00e4 viikon tekstist\u00e4<br \/>\n&#8211; yksi laajempi kirjoittamisteht\u00e4v\u00e4 kuussa, mahdollisesti muutamia pieni\u00e4 + palaute<br \/>\n&#8211; kielen rakenteiden tutkimista havaituista \u201caukkopaikoista\u201d<br \/>\nRyhm\u00e4koko: max 4\/ryhm\u00e4<br \/>\nKuukausimaksu <strong>100\u20ac sis alv.<\/strong><br \/>\nLis\u00e4tietoja info@gimara.fi \/ +358 40 7455538<br \/>\n<strong>Ilmoittautuminen<\/strong>\u00a0<a href=\"https:\/\/www.gimaraworld.com\/product\/gimara-finnish-b2c\/\" target=\"_blank\" rel=\"noreferrer noopener\">t\u00e4st\u00e4 linkist\u00e4<\/a>\u00a0(maksu kuukausittain)<\/p>\n","protected":false},"excerpt":{"rendered":"<p><strong>GIMARAN B2-C-tason tapaamiset (online)<\/strong><br \/>\n<strong>maanantaisin kello 19\u201320 (toinen ryhm\u00e4 20\u201321<\/strong>, jos on yli nelj\u00e4 osallistujaa)<br \/>\n<strong>2.3.\u201325.5.2026<\/strong><br \/>\n<strong>Sis\u00e4lt\u00e4\u00e4:<\/strong><br \/>\n&#8211; puhuminen, eri tekstilajit (oppitunneilla)<br \/>\n&#8211; luetun ymm\u00e4rt\u00e4minen \/ tekstinanalyysi eri tekstilajeista<br \/>\n&#8211; puheen ymm\u00e4rt\u00e4misen teht\u00e4v\u00e4 (eri tekstilajit)<br \/>\n&#8211; rektioteht\u00e4v\u00e4 viikon tekstist\u00e4<br \/>\n&#8211; yksi laajempi kirjoittamisteht\u00e4v\u00e4 kuussa, mahdollisesti muutamia pieni\u00e4 + palaute<br \/>\n&#8211; kielen rakenteiden tutkimista havaituista \u201caukkopaikoista\u201d<br \/>\nRyhm\u00e4koko: max 4\/ryhm\u00e4<br \/>\nKuukausimaksu <strong>100\u20ac sis alv.<\/strong><br \/>\nLis\u00e4tietoja info@gimara.fi \/ +358 40 7455538<br \/>\n<strong>Ilmoittautuminen<\/strong>\u00a0<a href=\"https:\/\/www.gimaraworld.com\/product\/gimara-finnish-b2c\/\" target=\"_blank\" rel=\"noreferrer noopener\">t\u00e4st\u00e4 linkist\u00e4<\/a>\u00a0(maksu kuukausittain)<\/p>\n","protected":false},"featured_media":221,"comment_status":"closed","ping_status":"closed","template":"","meta":[],"product_brand":[],"product_cat":[133],"product_tag":[28,30,44,42,27],"class_list":{"0":"post-3104","1":"product","2":"type-product","3":"status-publish","4":"has-post-thumbnail","6":"product_cat-palvelut-2","7":"product_tag-finnish","8":"product_tag-puhuminen","9":"product_tag-speaking","10":"product_tag-suomen-kieli","11":"product_tag-suomi","13":"first","14":"instock","15":"virtual","16":"taxable","17":"purchasable","18":"product-type-simple"},"_links":{"self":[{"href":"https:\/\/www.gimaraworld.com\/fi\/wp-json\/wp\/v2\/product\/3104","targetHints":{"allow":["GET"]}}],"collection":[{"href":"https:\/\/www.gimaraworld.com\/fi\/wp-json\/wp\/v2\/product"}],"about":[{"href":"https:\/\/www.gimaraworld.com\/fi\/wp-json\/wp\/v2\/types\/product"}],"replies":[{"embeddable":true,"href":"https:\/\/www.gimaraworld.com\/fi\/wp-json\/wp\/v2\/comments?post=3104"}],"wp:featuredmedia":[{"embeddable":true,"href":"https:\/\/www.gimaraworld.com\/fi\/wp-json\/wp\/v2\/media\/221"}],"wp:attachment":[{"href":"https:\/\/www.gimaraworld.com\/fi\/wp-json\/wp\/v2\/media?parent=3104"}],"wp:term":[{"taxonomy":"product_brand","embeddable":true,"href":"https:\/\/www.gimaraworld.com\/fi\/wp-json\/wp\/v2\/product_brand?post=3104"},{"taxonomy":"product_cat","embeddable":true,"href":"https:\/\/www.gimaraworld.com\/fi\/wp-json\/wp\/v2\/product_cat?post=3104"},{"taxonomy":"product_tag","embeddable":true,"href":"https:\/\/www.gimaraworld.com\/fi\/wp-json\/wp\/v2\/product_tag?post=3104"}],"curies":[{"name":"wp","href":"https:\/\/api.w.org\/{rel}","templated":true}]}}