{"id":199,"date":"2021-08-03T16:15:16","date_gmt":"2021-08-03T13:15:16","guid":{"rendered":"https:\/\/www.gimaraworld.com\/?post_type=product&#038;p=199"},"modified":"2025-03-28T19:41:27","modified_gmt":"2025-03-28T17:41:27","slug":"ykaanko-vai-ykiinko-hign-way-to-hill","status":"publish","type":"product","link":"https:\/\/www.gimaraworld.com\/fi\/tuote\/ykaanko-vai-ykiinko-hign-way-to-hill\/","title":{"rendered":"Yk\u00e4\u00e4nk\u00f6 vai ykiink\u00f6 \u2013 High way to hill (painettu kirja)"},"content":{"rendered":"<p class=\"p1\">Testiin valmistautuminen on kielt\u00e4 ja tekniikkaa.<\/p>\n<p class=\"p1\">Yk\u00e4\u00e4nk\u00f6 vai ykiink\u00f6 \u2013 Highway to hill \u2013 kirja on oppaasi matkalla kielikokeeseen. Kirjassa on puhumisen ja kirjoittamisen harjoituksia. Tutustut eri teht\u00e4v\u00e4tyyppeihin k\u00e4yt\u00e4nn\u00f6llisell\u00e4 ja hauskalla tavalla.<\/p>\n<div class=\"product-info\">\n<div class=\"info-row\"><span class=\"product-info-label\">Sidosasu: <\/span><span class=\"product-info-value\">pehme\u00e4kantinen<\/span><\/div>\n<div class=\"info-row\"><span class=\"product-info-label\">Sivuja <\/span><span class=\"product-info-value\">128<\/span><\/div>\n<div class=\"info-row\"><span class=\"product-info-label\">Vuosi <\/span><span class=\"product-info-value\">2024<\/span><\/div>\n<div class=\"info-row\"><span class=\"product-info-label\">ISBN<\/span><span class=\"product-info-value\">978-952-94-3226-4<\/span><\/div>\n<div><\/div>\n<\/div>\n<div><a href=\"https:\/\/www.gimaraworld.com\/tuote-avainsana\/finnish\/\" rel=\"tag\">Finnish<\/a>,\u00a0<a href=\"https:\/\/www.gimaraworld.com\/tuote-avainsana\/intermediate\/\" rel=\"tag\">intermediate<\/a>,\u00a0<a href=\"https:\/\/www.gimaraworld.com\/tuote-avainsana\/keskitaso\/\" rel=\"tag\">keskitaso<\/a>,\u00a0<a href=\"https:\/\/www.gimaraworld.com\/tuote-avainsana\/kirjoittaminen\/\" rel=\"tag\">kirjoittaminen<\/a>,\u00a0<a href=\"https:\/\/www.gimaraworld.com\/tuote-avainsana\/puhuminen\/\" rel=\"tag\">puhuminen<\/a>,\u00a0<a href=\"https:\/\/www.gimaraworld.com\/tuote-avainsana\/speaking\/\" rel=\"tag\">speaking<\/a>,\u00a0<a href=\"https:\/\/www.gimaraworld.com\/tuote-avainsana\/suomen-kieli\/\" rel=\"tag\">suomen kieli<\/a>,\u00a0<a href=\"https:\/\/www.gimaraworld.com\/tuote-avainsana\/suomi\/\" rel=\"tag\">suomi<\/a>,\u00a0<a href=\"https:\/\/www.gimaraworld.com\/tuote-avainsana\/writing\/\" rel=\"tag\">writing<\/a>,\u00a0<a href=\"https:\/\/www.gimaraworld.com\/tuote-avainsana\/ykaanko-vai-ykiiko\/\" rel=\"tag\">yk\u00e4\u00e4nk\u00f6 vai ykiik\u00f6<\/a>,\u00a0<a href=\"https:\/\/www.gimaraworld.com\/tuote-avainsana\/yki\/\" rel=\"tag\">yki<\/a>,\u00a0<a href=\"https:\/\/www.gimaraworld.com\/tuote-avainsana\/yki-book\/\" rel=\"tag\">yki-book<\/a>,\u00a0<a href=\"https:\/\/www.gimaraworld.com\/tuote-avainsana\/yki-testi\/\" rel=\"tag\">yki-testi<\/a><\/div>\n","protected":false},"excerpt":{"rendered":"<p class=\"p1\">Testiin valmistautuminen on kielt\u00e4 ja tekniikkaa.<\/p>\n<p class=\"p1\">Yk\u00e4\u00e4nk\u00f6 vai ykiink\u00f6 \u2013 Highway to hill \u2013 kirja on oppaasi matkallasi kielikokeeseen. Kirjassa on puhumisen ja kirjoittamisen harjoituksia. Tutustut eri teht\u00e4v\u00e4tyyppeihin k\u00e4yt\u00e4nn\u00f6llisell\u00e4 ja hauskalla tavalla.<\/p>\n<div class=\"product-info\">\n<div class=\"info-row\"><span class=\"product-info-label\">Sidosasu<\/span><span class=\"product-info-value\">pehme\u00e4kantinen<\/span><\/div>\n<div class=\"info-row\"><span class=\"product-info-label\">Sivu<\/span><span class=\"product-info-value\">128<\/span><\/div>\n<div class=\"info-row\"><span class=\"product-info-label\">Vuosi<\/span><span class=\"product-info-value\">2021<\/span><\/div>\n<div class=\"info-row\"><span class=\"product-info-label\">ISBN<\/span><span class=\"product-info-value\">978-952-94-3226-4<\/span><\/div>\n<\/div>\n","protected":false},"featured_media":290,"comment_status":"open","ping_status":"closed","template":"","meta":[],"product_brand":[],"product_cat":[],"product_tag":[],"class_list":{"0":"post-199","1":"product","2":"type-product","3":"status-publish","4":"has-post-thumbnail","6":"product_shipping_class-book-shipping-fi","8":"first","9":"instock","10":"taxable","11":"shipping-taxable","12":"purchasable","13":"product-type-simple"},"_links":{"self":[{"href":"https:\/\/www.gimaraworld.com\/fi\/wp-json\/wp\/v2\/product\/199","targetHints":{"allow":["GET"]}}],"collection":[{"href":"https:\/\/www.gimaraworld.com\/fi\/wp-json\/wp\/v2\/product"}],"about":[{"href":"https:\/\/www.gimaraworld.com\/fi\/wp-json\/wp\/v2\/types\/product"}],"replies":[{"embeddable":true,"href":"https:\/\/www.gimaraworld.com\/fi\/wp-json\/wp\/v2\/comments?post=199"}],"wp:featuredmedia":[{"embeddable":true,"href":"https:\/\/www.gimaraworld.com\/fi\/wp-json\/wp\/v2\/media\/290"}],"wp:attachment":[{"href":"https:\/\/www.gimaraworld.com\/fi\/wp-json\/wp\/v2\/media?parent=199"}],"wp:term":[{"taxonomy":"product_brand","embeddable":true,"href":"https:\/\/www.gimaraworld.com\/fi\/wp-json\/wp\/v2\/product_brand?post=199"},{"taxonomy":"product_cat","embeddable":true,"href":"https:\/\/www.gimaraworld.com\/fi\/wp-json\/wp\/v2\/product_cat?post=199"},{"taxonomy":"product_tag","embeddable":true,"href":"https:\/\/www.gimaraworld.com\/fi\/wp-json\/wp\/v2\/product_tag?post=199"}],"curies":[{"name":"wp","href":"https:\/\/api.w.org\/{rel}","templated":true}]}}