{"id":198,"date":"2021-08-03T16:14:39","date_gmt":"2021-08-03T13:14:39","guid":{"rendered":"https:\/\/www.gimaraworld.com\/?post_type=product&#038;p=198"},"modified":"2024-01-08T16:29:10","modified_gmt":"2024-01-08T14:29:10","slug":"ykaanko-vai-ykiinko-hign-way-to-hill-e-book","status":"publish","type":"product","link":"https:\/\/www.gimaraworld.com\/fi\/tuote\/ykaanko-vai-ykiinko-hign-way-to-hill-e-book\/","title":{"rendered":"Yk\u00e4\u00e4nk\u00f6 vai ykiink\u00f6 \u2013 High way to hill (e-book)"},"content":{"rendered":"","protected":false},"excerpt":{"rendered":"<p class=\"p1\">Testiin valmistautuminen on kielt\u00e4 ja tekniikkaa.<\/p>\n<p class=\"p1\">Yk\u00e4\u00e4nk\u00f6 vai ykiink\u00f6 \u2013 Highway to hill \u2013 kirja on oppaasi matkallasi kielikokeeseen. Kirjassa on puhumisen ja kirjoittamisen harjoituksia. Tutustut eri teht\u00e4v\u00e4tyyppeihin k\u00e4yt\u00e4nn\u00f6llisell\u00e4 ja hauskalla tavalla.<\/p>\n<div class=\"product-info\">\n<div class=\"info-row\">e-kirja PDF, tilaajan vesileima<\/div>\n<div class=\"info-row\"><span class=\"product-info-label\">Sivu<\/span><span class=\"product-info-value\">128<\/span><\/div>\n<div class=\"info-row\"><span class=\"product-info-label\">Vuosi<\/span><span class=\"product-info-value\">2020<\/span><\/div>\n<div class=\"info-row\"><span class=\"product-info-label\">ISBN<\/span><span class=\"product-info-value\">978-952-94-3226-4<\/span><\/div>\n<\/div>\n","protected":false},"featured_media":290,"comment_status":"open","ping_status":"closed","template":"","meta":[],"product_brand":[],"product_cat":[],"product_tag":[],"class_list":{"0":"post-198","1":"product","2":"type-product","3":"status-publish","4":"has-post-thumbnail","7":"first","8":"instock","9":"downloadable","10":"virtual","11":"taxable","12":"purchasable","13":"product-type-simple"},"_links":{"self":[{"href":"https:\/\/www.gimaraworld.com\/fi\/wp-json\/wp\/v2\/product\/198","targetHints":{"allow":["GET"]}}],"collection":[{"href":"https:\/\/www.gimaraworld.com\/fi\/wp-json\/wp\/v2\/product"}],"about":[{"href":"https:\/\/www.gimaraworld.com\/fi\/wp-json\/wp\/v2\/types\/product"}],"replies":[{"embeddable":true,"href":"https:\/\/www.gimaraworld.com\/fi\/wp-json\/wp\/v2\/comments?post=198"}],"wp:featuredmedia":[{"embeddable":true,"href":"https:\/\/www.gimaraworld.com\/fi\/wp-json\/wp\/v2\/media\/290"}],"wp:attachment":[{"href":"https:\/\/www.gimaraworld.com\/fi\/wp-json\/wp\/v2\/media?parent=198"}],"wp:term":[{"taxonomy":"product_brand","embeddable":true,"href":"https:\/\/www.gimaraworld.com\/fi\/wp-json\/wp\/v2\/product_brand?post=198"},{"taxonomy":"product_cat","embeddable":true,"href":"https:\/\/www.gimaraworld.com\/fi\/wp-json\/wp\/v2\/product_cat?post=198"},{"taxonomy":"product_tag","embeddable":true,"href":"https:\/\/www.gimaraworld.com\/fi\/wp-json\/wp\/v2\/product_tag?post=198"}],"curies":[{"name":"wp","href":"https:\/\/api.w.org\/{rel}","templated":true}]}}