{"id":1766,"date":"2022-10-02T18:06:06","date_gmt":"2022-10-02T15:06:06","guid":{"rendered":"https:\/\/www.gimaraworld.com\/?post_type=product&#038;p=1766"},"modified":"2026-01-25T23:39:33","modified_gmt":"2026-01-25T21:39:33","slug":"finnish-language-course","status":"publish","type":"product","link":"https:\/\/www.gimaraworld.com\/fi\/tuote\/finnish-language-course\/","title":{"rendered":"Suomen kielen A1\u2013A2-kurssi"},"content":{"rendered":"<p><strong>GIMARAN A1-tasolta A2-tasolle KURSSI (online)<\/strong> 8 vikkoa<\/p>\n<p>GIMARAN suomen kielen verkkokurssi tasolle A1-A2<br \/>\n<strong>5.5.\u201324.6.2026<\/strong> ti tai pe &amp; ke kello 17-18<\/p>\n<p>GIMARA&#8217;s Finnish Language Course (Levels A1\u2013A2)<br \/>\nMay 5th \u2013 June 24th, Tue or Fri &amp; Wed 5\u20136 pm.<\/p>\n<p>+ kotiteht\u00e4v\u00e4t itsen\u00e4isesti oman aikataulun mukaan\u00a0<em>\u2013 home assignments independently according to your own schedule<\/em><\/p>\n<p>Sis\u00e4lt\u00e4\u00e4 \u2013\u00a0<em>Contain<\/em>:<br \/>\n\u2013 puhuminen (oppitunneilla) \u2013 speaking (in lessons)<br \/>\n\u2013 kirjoittaminen (1\/viikko + palaute) \u2013 writing (1\/week + feedback)<br \/>\n\u2013 tekstin ymm\u00e4rt\u00e4minen (1-2\/viikko) \u2013 text understanding tasks (1-2\/week)<br \/>\n\u2013 kuuntelu (1-2\/viikko) \u2013 speech understanding tasks (1-2\/week)<br \/>\n\u2013 ohjaus ja vinkkej\u00e4 \u2013 guidance and tips<br \/>\n\u2013 Gimaran suomi 2 -materiaali \u2013 <em>Gimara Suomi 2 -material\u00a0<\/em><\/p>\n<p>Ryhm\u00e4koko \u2013\u00a0<em>Group size<\/em>: 5-10<br \/>\nKurssi alkaa, jos osallistujia on v\u00e4hint\u00e4\u00e4n 5. <em>We&#8217;ll start the course if we have at least 5 participants.<\/em><br \/>\nHinta\u00a0<strong>350\u20ac <\/strong>(sis. alv) \u2013 Price 350\u20ac (incl. vat)<\/p>\n","protected":false},"excerpt":{"rendered":"<p><strong>GIMARAN A1-tasolta A2-tasolle KURSSI (online)<\/strong> 8 vikkoa<\/p>\n<p>GIMARAN suomen kielen verkkokurssi tasolle A1-A2<br \/>\n<strong>5.5.\u201324.6.2026<\/strong> ti tai pe &amp; ke kello 17-18<\/p>\n<p>GIMARA&#8217;s Finnish Language Course (Levels A1\u2013A2)<br \/>\nMay 5th \u2013 June 24th, Tue or Fri &amp; Wed 5\u20136 pm.<\/p>\n<p>+ kotiteht\u00e4v\u00e4t itsen\u00e4isesti oman aikataulun mukaan\u00a0<em>\u2013 home assignments independently according to your own schedule<\/em><\/p>\n<p>Sis\u00e4lt\u00e4\u00e4 \u2013\u00a0<em>Contain<\/em>:<br \/>\n\u2013 puhuminen (oppitunneilla) \u2013 speaking (in lessons)<br \/>\n\u2013 kirjoittaminen (1\/viikko + palaute) \u2013 writing (1\/week + feedback)<br \/>\n\u2013 tekstin ymm\u00e4rt\u00e4minen (1-2\/viikko) \u2013 text understanding tasks (1-2\/week)<br \/>\n\u2013 kuuntelu (1-2\/viikko) \u2013 speech understanding tasks (1-2\/week)<br \/>\n\u2013 ohjaus ja vinkkej\u00e4 \u2013 guidance and tips<br \/>\n\u2013 Gimaran suomi 2 -materiaali \u2013 <em>Gimara Suomi 2 -material\u00a0<\/em><\/p>\n<p>Ryhm\u00e4koko \u2013\u00a0<em>Group size<\/em>: 5-10<br \/>\nKurssi alkaa, jos osallistujia on v\u00e4hint\u00e4\u00e4n 5. <em>We&#8217;ll start the course if we have at least 5 participants.<\/em><br \/>\nHinta\u00a0<strong>350\u20ac <\/strong>(sis. alv) \u2013 Price 350\u20ac (incl. vat)<\/p>\n","protected":false},"featured_media":221,"comment_status":"open","ping_status":"closed","template":"","meta":[],"product_brand":[],"product_cat":[133,16,22],"product_tag":[],"class_list":{"0":"post-1766","1":"product","2":"type-product","3":"status-publish","4":"has-post-thumbnail","6":"product_cat-palvelut-2","7":"product_cat-yleinen","8":"product_cat-services","10":"first","11":"instock","12":"taxable","13":"shipping-taxable","14":"purchasable","15":"product-type-simple"},"_links":{"self":[{"href":"https:\/\/www.gimaraworld.com\/fi\/wp-json\/wp\/v2\/product\/1766","targetHints":{"allow":["GET"]}}],"collection":[{"href":"https:\/\/www.gimaraworld.com\/fi\/wp-json\/wp\/v2\/product"}],"about":[{"href":"https:\/\/www.gimaraworld.com\/fi\/wp-json\/wp\/v2\/types\/product"}],"replies":[{"embeddable":true,"href":"https:\/\/www.gimaraworld.com\/fi\/wp-json\/wp\/v2\/comments?post=1766"}],"wp:featuredmedia":[{"embeddable":true,"href":"https:\/\/www.gimaraworld.com\/fi\/wp-json\/wp\/v2\/media\/221"}],"wp:attachment":[{"href":"https:\/\/www.gimaraworld.com\/fi\/wp-json\/wp\/v2\/media?parent=1766"}],"wp:term":[{"taxonomy":"product_brand","embeddable":true,"href":"https:\/\/www.gimaraworld.com\/fi\/wp-json\/wp\/v2\/product_brand?post=1766"},{"taxonomy":"product_cat","embeddable":true,"href":"https:\/\/www.gimaraworld.com\/fi\/wp-json\/wp\/v2\/product_cat?post=1766"},{"taxonomy":"product_tag","embeddable":true,"href":"https:\/\/www.gimaraworld.com\/fi\/wp-json\/wp\/v2\/product_tag?post=1766"}],"curies":[{"name":"wp","href":"https:\/\/api.w.org\/{rel}","templated":true}]}}