{"id":1604,"date":"2022-08-01T10:56:12","date_gmt":"2022-08-01T07:56:12","guid":{"rendered":"https:\/\/www.gimaraworld.com\/?post_type=product&#038;p=1604"},"modified":"2024-02-07T12:51:19","modified_gmt":"2024-02-07T10:51:19","slug":"sisunautti-valtameressa-suomea-keskitasolle-painettu-kirja","status":"publish","type":"product","link":"https:\/\/www.gimaraworld.com\/fi\/tuote\/sisunautti-valtameressa-suomea-keskitasolle-painettu-kirja\/","title":{"rendered":"Sisunautti valtameress\u00e4. Suomea keskitasolle (painettu kirja)"},"content":{"rendered":"<p>Kirja <em>Sisunautti valtameress\u00e4 &#8211; suomea keskitasolle<\/em> on oppaasi aktiiviseen kielitaitoon.<\/p>\n<p>Kirja on tarkoitettu puhumisen ja kirjoittamisen harjoitteluun. L\u00f6yd\u00e4t lis\u00e4\u00e4 ilmaisia harjoituksia puhumiseen, kirjoittamiseen, kuunteluun ja tekstin ymm\u00e4rt\u00e4miseen samoista teemoista <a href=\"http:\/\/www.gimara.fi\" target=\"_blank\" rel=\"noopener\">www.gimara.fi<\/a> -sivuilta.<\/p>\n<p>Voit k\u00e4ytt\u00e4\u00e4 kirjaa opettajan, yst\u00e4v\u00e4n, vertaisen tai vapaaehtoisen kanssa. Kirjassa voit my\u00f6s valmistautua kielikokeisiin, se noudattaa kielten Eurooppalaista viitekehyst\u00e4 (EVK\/CEFR) ja vahvistaa kielitaitoasi oikealla tavalla oikeissa teemoissa. Tutustu erilaisiin teht\u00e4viin k\u00e4yt\u00e4nn\u00f6llisell\u00e4 ja hauskalla tavalla.<\/p>\n<p>@Copyright Gimara Oy 2022<br \/>\nT\u00e4m\u00e4n teoksen tekstin ja kuvien luvaton j\u00e4ljent\u00e4minen, j\u00e4ljent\u00e4minen, skannaus tai muu j\u00e4ljent\u00e4minen on tekij\u00e4noikeuden alaista.<\/p>\n<p>Taitto: Dmitrii Rabtsevich<br \/>\nKuvat: Hanna Toijala<br \/>\nPainos 2022<br \/>\nISBN 978-952-69927-6-1 (Pehme\u00e4kantinen kirja tulossa pian)<br \/>\nISBN 978-952-69927-7-8 (PDF)<br \/>\nPainopaikka: Helsinki<\/p>\n","protected":false},"excerpt":{"rendered":"<p>Kirja <em>Sisunautti valtameress\u00e4 &#8211; suomea keskitasolle<\/em> on oppaasi aktiiviseen kielitaitoon.<\/p>\n<p>Kirja on tarkoitettu puhumisen ja kirjoittamisen harjoitteluun. L\u00f6yd\u00e4t lis\u00e4\u00e4 ilmaisia harjoituksia puhumiseen, kirjoittamiseen, kuunteluun ja tekstin ymm\u00e4rt\u00e4miseen samoista teemoista <a href=\"http:\/\/www.gimara.fi\" target=\"_blank\" rel=\"noopener\">www.gimara.fi<\/a> -sivuilta.<\/p>\n<p>Voit k\u00e4ytt\u00e4\u00e4 kirjaa opettajan, yst\u00e4v\u00e4n, vertaisen tai vapaaehtoisen kanssa. Kirjassa voit my\u00f6s valmistautua kielikokeisiin, se noudattaa kielten Eurooppalaista viitekehyst\u00e4 (EVK\/CEFR) ja vahvistaa kielitaitoasi oikealla tavalla oikeissa teemoissa. Tutustu erilaisiin teht\u00e4viin k\u00e4yt\u00e4nn\u00f6llisell\u00e4 ja hauskalla tavalla.<\/p>\n<p>@Copyright Gimara Oy 2022<br \/>\nT\u00e4m\u00e4n teoksen tekstin ja kuvien luvaton j\u00e4ljent\u00e4minen, j\u00e4ljent\u00e4minen, skannaus tai muu j\u00e4ljent\u00e4minen on tekij\u00e4noikeuden alaista.<\/p>\n<p>Taitto: Dmitrii Rabtsevich<br \/>\nKuvat: Hanna Toijala<br \/>\nPainos 2022<br \/>\nISBN 978-952-69927-6-1 (Pehme\u00e4kantinen kirja tulossa pian)<br \/>\nISBN 978-952-69927-7-8 (PDF)<br \/>\nPainopaikka: Helsinki<\/p>\n","protected":false},"featured_media":1487,"comment_status":"open","ping_status":"closed","template":"","meta":[],"product_brand":[],"product_cat":[],"product_tag":[],"class_list":{"0":"post-1604","1":"product","2":"type-product","3":"status-publish","4":"has-post-thumbnail","6":"product_shipping_class-book-shipping-fi","8":"first","9":"instock","10":"taxable","11":"shipping-taxable","12":"purchasable","13":"product-type-simple"},"_links":{"self":[{"href":"https:\/\/www.gimaraworld.com\/fi\/wp-json\/wp\/v2\/product\/1604","targetHints":{"allow":["GET"]}}],"collection":[{"href":"https:\/\/www.gimaraworld.com\/fi\/wp-json\/wp\/v2\/product"}],"about":[{"href":"https:\/\/www.gimaraworld.com\/fi\/wp-json\/wp\/v2\/types\/product"}],"replies":[{"embeddable":true,"href":"https:\/\/www.gimaraworld.com\/fi\/wp-json\/wp\/v2\/comments?post=1604"}],"wp:featuredmedia":[{"embeddable":true,"href":"https:\/\/www.gimaraworld.com\/fi\/wp-json\/wp\/v2\/media\/1487"}],"wp:attachment":[{"href":"https:\/\/www.gimaraworld.com\/fi\/wp-json\/wp\/v2\/media?parent=1604"}],"wp:term":[{"taxonomy":"product_brand","embeddable":true,"href":"https:\/\/www.gimaraworld.com\/fi\/wp-json\/wp\/v2\/product_brand?post=1604"},{"taxonomy":"product_cat","embeddable":true,"href":"https:\/\/www.gimaraworld.com\/fi\/wp-json\/wp\/v2\/product_cat?post=1604"},{"taxonomy":"product_tag","embeddable":true,"href":"https:\/\/www.gimaraworld.com\/fi\/wp-json\/wp\/v2\/product_tag?post=1604"}],"curies":[{"name":"wp","href":"https:\/\/api.w.org\/{rel}","templated":true}]}}