{"id":1309,"date":"2022-03-25T13:16:28","date_gmt":"2022-03-25T11:16:28","guid":{"rendered":"https:\/\/www.gimaraworld.com\/?post_type=product&#038;p=1309"},"modified":"2024-01-17T14:21:33","modified_gmt":"2024-01-17T12:21:33","slug":"opettajan-valmentajan-pedagoginen-opas-kauppakassi","status":"publish","type":"product","link":"https:\/\/www.gimaraworld.com\/fi\/tuote\/opettajan-valmentajan-pedagoginen-opas-kauppakassi\/","title":{"rendered":"Ohjaajan tuki (Function the Trainer)"},"content":{"rendered":"<p><strong>Hinta:<\/strong><br \/>\n144,35\u20ac + ALV (179\u20ac sis\u00e4lt\u00e4 ALV)<\/p>\n<p><strong>Kesto:<\/strong><br \/>\n2 kuukautta \/ taso<br \/>\n<strong>0 &#8211; A1.3<br \/>\n<\/strong>(tulossa my\u00f6hemmin A1.3-A2)<br \/>\nAloitus non stop viikoittain maanantaisin<\/p>\n<p><strong>Sis\u00e4lt\u00e4\u00e4:<br \/>\n<\/strong>Tunnin verkkotapaaminen, jossa opastetaan Gimaran materiaalien k\u00e4ytt\u00f6\u00f6n.<br \/>\n7 teemanvaihtowebinaaria, joissa opastetaan tulevaan teemaan<br \/>\nViikottainen kurssikirje ja materiaalit (powerpointit, puhumis- ja kirjoitusteht\u00e4vi\u00e4, vinkkej\u00e4 tuntisuunnitelmiin)<br \/>\nPedagoginen opaskirja (sis\u00e4lt\u00e4\u00e4 kaksi tasoa)<br \/>\nGimaran chat-tuki<\/p>\n<p><strong>Paikka:<\/strong><br \/>\nOnline (esim. Zoom tai Meet)<\/p>\n<p>Kysy lis\u00e4\u00e4: info@gimara.fi +358 40 7455538<\/p>\n","protected":false},"excerpt":{"rendered":"<p><strong>Hinta:<\/strong><br \/>\n144,35\u20ac + ALV (179\u20ac sis\u00e4lt\u00e4 ALV)<\/p>\n<p><strong>Kesto:<\/strong><br \/>\n2 kuukautta \/ taso<br \/>\n<strong>0 &#8211; A1.3<br \/>\n<\/strong>(tulossa my\u00f6hemmin A1.3-A2)<br \/>\nAloitus non stop viikoittain maanantaisin<\/p>\n<p><strong>Sis\u00e4lt\u00e4\u00e4:<br \/>\n<\/strong>Tunnin verkkotapaaminen, jossa opastetaan Gimaran materiaalien k\u00e4ytt\u00f6\u00f6n.<br \/>\n7 teemanvaihtowebinaaria, joissa opastetaan tulevaan teemaan<br \/>\nViikottainen kurssikirje ja materiaalit (powerpointit, puhumis- ja kirjoitusteht\u00e4vi\u00e4, vinkkej\u00e4 tuntisuunnitelmiin)<br \/>\nPedagoginen opaskirja (sis\u00e4lt\u00e4\u00e4 kaksi tasoa)<br \/>\nGimaran chat-tuki<\/p>\n<p><strong>Paikka:<\/strong><br \/>\nOnline (esim. Zoom tai Meet)<\/p>\n<p>Kysy lis\u00e4\u00e4: info@gimara.fi +358 40 7455538<\/p>\n","protected":false},"featured_media":561,"comment_status":"open","ping_status":"closed","template":"","meta":[],"product_brand":[],"product_cat":[82,83],"product_tag":[80],"class_list":{"0":"post-1309","1":"product","2":"type-product","3":"status-publish","4":"has-post-thumbnail","6":"product_cat-function-the-trainer-2","7":"product_cat-palvelut","8":"product_tag-functionthetrainer-fi","10":"first","11":"instock","12":"virtual","13":"taxable","14":"purchasable","15":"product-type-simple"},"_links":{"self":[{"href":"https:\/\/www.gimaraworld.com\/fi\/wp-json\/wp\/v2\/product\/1309","targetHints":{"allow":["GET"]}}],"collection":[{"href":"https:\/\/www.gimaraworld.com\/fi\/wp-json\/wp\/v2\/product"}],"about":[{"href":"https:\/\/www.gimaraworld.com\/fi\/wp-json\/wp\/v2\/types\/product"}],"replies":[{"embeddable":true,"href":"https:\/\/www.gimaraworld.com\/fi\/wp-json\/wp\/v2\/comments?post=1309"}],"wp:featuredmedia":[{"embeddable":true,"href":"https:\/\/www.gimaraworld.com\/fi\/wp-json\/wp\/v2\/media\/561"}],"wp:attachment":[{"href":"https:\/\/www.gimaraworld.com\/fi\/wp-json\/wp\/v2\/media?parent=1309"}],"wp:term":[{"taxonomy":"product_brand","embeddable":true,"href":"https:\/\/www.gimaraworld.com\/fi\/wp-json\/wp\/v2\/product_brand?post=1309"},{"taxonomy":"product_cat","embeddable":true,"href":"https:\/\/www.gimaraworld.com\/fi\/wp-json\/wp\/v2\/product_cat?post=1309"},{"taxonomy":"product_tag","embeddable":true,"href":"https:\/\/www.gimaraworld.com\/fi\/wp-json\/wp\/v2\/product_tag?post=1309"}],"curies":[{"name":"wp","href":"https:\/\/api.w.org\/{rel}","templated":true}]}}