{"id":1105,"date":"2022-01-30T23:03:58","date_gmt":"2022-01-30T21:03:58","guid":{"rendered":"https:\/\/www.gimaraworld.com\/?post_type=product&#038;p=1105"},"modified":"2025-02-27T09:53:57","modified_gmt":"2025-02-27T07:53:57","slug":"forebed-dig-for-den-allmanna-sprakexamen-e-kirja","status":"publish","type":"product","link":"https:\/\/www.gimaraworld.com\/fi\/tuote\/forebed-dig-for-den-allmanna-sprakexamen-e-kirja\/","title":{"rendered":"F\u00f6rbered dig f\u00f6r allm\u00e4n spr\u00e5kexamen e-book (PDF)"},"content":{"rendered":"<div class=\"page\" title=\"Page 126\">\n<div class=\"section\">\n<div class=\"layoutArea\">\n<div class=\"column\">\n<p>Att fo\u0308rbereda sig fo\u0308r provet handlar om spra\u030ak och teknik. Fo\u0308rbered dig fo\u0308r den Allma\u0308nna Spra\u030akexamen a\u0308r din guide till spra\u030akprovet. Den inneha\u030aller o\u0308vningar fo\u0308r att tala och skriva. Du bekantar dig med olika typer av uppgifter pa\u030a ett praktiskt och roligt sa\u0308tt.<\/p>\n<p>Dialogerna finns p\u00e5 Soundcloud https:\/\/soundcloud.com\/you\/sets<\/p>\n<p>Book PDF, abonnentvattenst\u00e4mpel<br \/>\nSidor128<br \/>\n\u00c5r2022<br \/>\nISBN 978-952-69927-0-9 (ha\u0308ftad)<br \/>\nISBN 978-952-69927-1-6 (PDF)<br \/>\nISBN 978-952-69927-2-3 (EPUB)<\/p>\n<\/div>\n<\/div>\n<\/div>\n<\/div>\n","protected":false},"excerpt":{"rendered":"<p>Att f\u00f6rbereda sig f\u00f6r provet handlar om spr\u00e5k och teknik. <b>F\u00f6rbered dig f\u00f6r allm\u00e4n spr\u00e5kexamen<\/b> \u00e4r din guide till spr\u00e5kprovet. Den inneh\u00e5ller \u00f6vningar f\u00f6r att tala och skriva. Du bekantar dig med olika typer av uppgifter p\u00e5 ett praktiskt och roligt s\u00e4tt.<\/p>\n<p>Dialogerna finns p\u00e5 Soundcloud https:\/\/soundcloud.com\/you\/sets<\/p>\n<div class=\"page\" title=\"Page 4\">\n<div class=\"layoutArea\">\n<div class=\"column\">\n<p>Utga\u030ava 2021<br \/>\nISBN 978-952-69927-0-9 (h\u00e4ftad)<br \/>\nISBN 978-952-69927-1-6 (PDF)<br \/>\nISBN 978-952-69927-2-3 (EPUB)<\/p>\n<\/div>\n<\/div>\n<\/div>\n","protected":false},"featured_media":1104,"comment_status":"open","ping_status":"closed","template":"","meta":[],"product_brand":[],"product_cat":[],"product_tag":[],"class_list":{"0":"post-1105","1":"product","2":"type-product","3":"status-publish","4":"has-post-thumbnail","7":"first","8":"instock","9":"downloadable","10":"virtual","11":"taxable","12":"purchasable","13":"product-type-simple"},"_links":{"self":[{"href":"https:\/\/www.gimaraworld.com\/fi\/wp-json\/wp\/v2\/product\/1105","targetHints":{"allow":["GET"]}}],"collection":[{"href":"https:\/\/www.gimaraworld.com\/fi\/wp-json\/wp\/v2\/product"}],"about":[{"href":"https:\/\/www.gimaraworld.com\/fi\/wp-json\/wp\/v2\/types\/product"}],"replies":[{"embeddable":true,"href":"https:\/\/www.gimaraworld.com\/fi\/wp-json\/wp\/v2\/comments?post=1105"}],"wp:featuredmedia":[{"embeddable":true,"href":"https:\/\/www.gimaraworld.com\/fi\/wp-json\/wp\/v2\/media\/1104"}],"wp:attachment":[{"href":"https:\/\/www.gimaraworld.com\/fi\/wp-json\/wp\/v2\/media?parent=1105"}],"wp:term":[{"taxonomy":"product_brand","embeddable":true,"href":"https:\/\/www.gimaraworld.com\/fi\/wp-json\/wp\/v2\/product_brand?post=1105"},{"taxonomy":"product_cat","embeddable":true,"href":"https:\/\/www.gimaraworld.com\/fi\/wp-json\/wp\/v2\/product_cat?post=1105"},{"taxonomy":"product_tag","embeddable":true,"href":"https:\/\/www.gimaraworld.com\/fi\/wp-json\/wp\/v2\/product_tag?post=1105"}],"curies":[{"name":"wp","href":"https:\/\/api.w.org\/{rel}","templated":true}]}}